{"id":479,"date":"2024-01-24T16:47:37","date_gmt":"2024-01-24T15:47:37","guid":{"rendered":"https:\/\/viariumgroup.com\/?page_id=479"},"modified":"2026-04-13T16:49:48","modified_gmt":"2026-04-13T15:49:48","slug":"idi","status":"publish","type":"page","link":"http:\/\/viariumgroup.com\/en\/tecnologia\/idi\/","title":{"rendered":"i+d+i"},"content":{"rendered":"<div data-elementor-type=\"wp-page\" data-elementor-id=\"479\" class=\"elementor elementor-479\" data-elementor-post-type=\"page\">\n\t\t\t\t<div class=\"elementor-element elementor-element-fd7b200 e-con-full e-flex e-con e-parent\" data-id=\"fd7b200\" data-element_type=\"container\" data-e-type=\"container\" data-settings=\"{&quot;background_background&quot;:&quot;classic&quot;}\">\n\t\t<div class=\"elementor-element elementor-element-d830a79 e-con-full e-flex e-con e-child\" data-id=\"d830a79\" data-element_type=\"container\" data-e-type=\"container\">\n\t\t\t\t<div class=\"elementor-element elementor-element-5cc7aaf elementor-widget elementor-widget-heading\" data-id=\"5cc7aaf\" data-element_type=\"widget\" data-e-type=\"widget\" data-widget_type=\"heading.default\">\n\t\t\t\t<div class=\"elementor-widget-container\">\n\t\t\t\t\t<h1 class=\"elementor-heading-title elementor-size-default\">RD&amp;i<\/h1>\t\t\t\t<\/div>\n\t\t\t\t<\/div>\n\t\t\t\t<\/div>\n\t\t\t\t<\/div>\n\t\t<div class=\"elementor-element elementor-element-1f6c244 e-con-full e-flex e-con e-parent\" data-id=\"1f6c244\" data-element_type=\"container\" data-e-type=\"container\">\n\t\t<div class=\"elementor-element elementor-element-e20fe8e e-con-full e-flex e-con e-child\" data-id=\"e20fe8e\" data-element_type=\"container\" data-e-type=\"container\" data-settings=\"{&quot;background_background&quot;:&quot;classic&quot;}\">\n\t\t\t\t<\/div>\n\t\t<div class=\"elementor-element elementor-element-e893742 e-con-full e-flex e-con e-child\" data-id=\"e893742\" data-element_type=\"container\" data-e-type=\"container\" data-settings=\"{&quot;background_background&quot;:&quot;classic&quot;}\">\n\t\t\t\t<div class=\"elementor-element elementor-element-6134172 elementor-widget elementor-widget-text-editor\" data-id=\"6134172\" data-element_type=\"widget\" data-e-type=\"widget\" data-widget_type=\"text-editor.default\">\n\t\t\t\t<div class=\"elementor-widget-container\">\n\t\t\t\t\t\t\t\t\t<p>Since its inception and to this day, Viarium has maintained an ambitious commitment to establishing itself and growing as an engineering and technology company that delivers added value and a competitive edge, through its firm commitment to the in-house development and implementation of research and development (R&amp;D) and technological innovation (TI) systems.<\/p><p>This determination is embodied in our in-house RD&amp;i (Research, Development &amp; innovation) area, created with our specialised team of experts. This area is backed by the necessary specialists from other areas and technical departments to carry out our projects.<\/p><p>Investing in RD&amp;i (Research, Development and innovation) activities is the way to keep growing, since our staff is Viarium's greatest asset, and that's why our commitment to open and collaborative innovation uses 3 main tools:<\/p>\t\t\t\t\t\t\t\t<\/div>\n\t\t\t\t<\/div>\n\t\t\t\t<div class=\"elementor-element elementor-element-e9d3edd elementor-widget elementor-widget-image\" data-id=\"e9d3edd\" data-element_type=\"widget\" data-e-type=\"widget\" data-widget_type=\"image.default\">\n\t\t\t\t<div class=\"elementor-widget-container\">\n\t\t\t\t\t\t\t\t\t\t\t\t\t\t\t<img fetchpriority=\"high\" decoding=\"async\" width=\"757\" height=\"772\" src=\"https:\/\/viariumgroup.com\/wp-content\/uploads\/2026\/03\/desarrollo-tecnologico-2-1.png\" class=\"attachment-full size-full wp-image-483\" alt=\"\" srcset=\"https:\/\/viariumgroup.com\/wp-content\/uploads\/2026\/03\/desarrollo-tecnologico-2-1.png 757w, https:\/\/viariumgroup.com\/wp-content\/uploads\/2026\/03\/desarrollo-tecnologico-2-1-294x300.png 294w, https:\/\/viariumgroup.com\/wp-content\/uploads\/2026\/03\/desarrollo-tecnologico-2-1-12x12.png 12w\" sizes=\"(max-width: 757px) 100vw, 757px\" \/>\t\t\t\t\t\t\t\t\t\t\t\t\t\t\t<\/div>\n\t\t\t\t<\/div>\n\t\t\t\t<\/div>\n\t\t\t\t<\/div>\n\t\t\t\t<\/div>","protected":false},"excerpt":{"rendered":"<p>I+D+i Desde su nacimiento y hasta hoy, Viarium ha mantenido una ambiciosa vocaci\u00f3n de ser y crecer como una Empresa de Ingenier\u00eda y Tecnolog\u00eda con un valor incremental y diferencial, a trav\u00e9s de su apuesta firme en el desarrollo e implantaci\u00f3n en propio de sistemas Investigaci\u00f3n, desarrollo (I+D) y de innovaci\u00f3n tecnol\u00f3gica (IT). Este hecho [&hellip;]<\/p>\n","protected":false},"author":1,"featured_media":0,"parent":138,"menu_order":0,"comment_status":"closed","ping_status":"closed","template":"elementor_header_footer","meta":{"_acf_changed":false,"footnotes":""},"class_list":["post-479","page","type-page","status-publish","hentry"],"acf":[],"yoast_head":"<!-- This site is optimized with the Yoast SEO plugin v27.4 - https:\/\/yoast.com\/product\/yoast-seo-wordpress\/ -->\n<title>I+D+i<\/title>\n<meta name=\"description\" content=\"Apostamos firmemente por el desarrollo e implantaci\u00f3n de la investigaci\u00f3n, desarrollo e innovaci\u00f3n tecnol\u00f3gica.\" \/>\n<meta name=\"robots\" content=\"index, follow, max-snippet:-1, max-image-preview:large, max-video-preview:-1\" \/>\n<link rel=\"canonical\" href=\"https:\/\/viariumgroup.com\/en\/technology\/idi\/\" \/>\n<meta property=\"og:locale\" content=\"en_GB\" \/>\n<meta property=\"og:type\" content=\"article\" \/>\n<meta property=\"og:title\" content=\"I+D+i\" \/>\n<meta property=\"og:description\" content=\"Apostamos firmemente por el desarrollo e implantaci\u00f3n de la investigaci\u00f3n, desarrollo e innovaci\u00f3n tecnol\u00f3gica.\" \/>\n<meta property=\"og:url\" content=\"https:\/\/viariumgroup.com\/en\/technology\/idi\/\" \/>\n<meta property=\"og:site_name\" content=\"Viarium\" \/>\n<meta property=\"article:modified_time\" content=\"2026-04-13T15:49:48+00:00\" \/>\n<meta property=\"og:image\" content=\"https:\/\/viariumgroup.com\/wp-content\/uploads\/2024\/01\/desarrollo-tecnologico-1.png\" \/>\n\t<meta property=\"og:image:width\" content=\"757\" \/>\n\t<meta property=\"og:image:height\" content=\"772\" \/>\n\t<meta property=\"og:image:type\" content=\"image\/png\" \/>\n<meta name=\"twitter:card\" content=\"summary_large_image\" \/>\n<meta name=\"twitter:label1\" content=\"Estimated reading time\" \/>\n\t<meta name=\"twitter:data1\" content=\"1 minute\" \/>\n<script type=\"application\/ld+json\" class=\"yoast-schema-graph\">{\"@context\":\"https:\\\/\\\/schema.org\",\"@graph\":[{\"@type\":\"WebPage\",\"@id\":\"https:\\\/\\\/viariumgroup.com\\\/tecnologia\\\/idi\\\/\",\"url\":\"https:\\\/\\\/viariumgroup.com\\\/tecnologia\\\/idi\\\/\",\"name\":\"I+D+i\",\"isPartOf\":{\"@id\":\"https:\\\/\\\/viariumgroup.com\\\/#website\"},\"primaryImageOfPage\":{\"@id\":\"https:\\\/\\\/viariumgroup.com\\\/tecnologia\\\/idi\\\/#primaryimage\"},\"image\":{\"@id\":\"https:\\\/\\\/viariumgroup.com\\\/tecnologia\\\/idi\\\/#primaryimage\"},\"thumbnailUrl\":\"https:\\\/\\\/viariumgroup.com\\\/wp-content\\\/uploads\\\/2024\\\/01\\\/desarrollo-tecnologico-1.png\",\"datePublished\":\"2024-01-24T15:47:37+00:00\",\"dateModified\":\"2026-04-13T15:49:48+00:00\",\"description\":\"Apostamos firmemente por el desarrollo e implantaci\u00f3n de la investigaci\u00f3n, desarrollo e innovaci\u00f3n tecnol\u00f3gica.\",\"breadcrumb\":{\"@id\":\"https:\\\/\\\/viariumgroup.com\\\/tecnologia\\\/idi\\\/#breadcrumb\"},\"inLanguage\":\"en-GB\",\"potentialAction\":[{\"@type\":\"ReadAction\",\"target\":[\"https:\\\/\\\/viariumgroup.com\\\/tecnologia\\\/idi\\\/\"]}]},{\"@type\":\"ImageObject\",\"inLanguage\":\"en-GB\",\"@id\":\"https:\\\/\\\/viariumgroup.com\\\/tecnologia\\\/idi\\\/#primaryimage\",\"url\":\"https:\\\/\\\/viariumgroup.com\\\/wp-content\\\/uploads\\\/2024\\\/01\\\/desarrollo-tecnologico-1.png\",\"contentUrl\":\"https:\\\/\\\/viariumgroup.com\\\/wp-content\\\/uploads\\\/2024\\\/01\\\/desarrollo-tecnologico-1.png\"},{\"@type\":\"BreadcrumbList\",\"@id\":\"https:\\\/\\\/viariumgroup.com\\\/tecnologia\\\/idi\\\/#breadcrumb\",\"itemListElement\":[{\"@type\":\"ListItem\",\"position\":1,\"name\":\"Portada\",\"item\":\"https:\\\/\\\/viariumgroup.com\\\/en\\\/\"},{\"@type\":\"ListItem\",\"position\":2,\"name\":\"TECNOLOG\u00cdA\",\"item\":\"https:\\\/\\\/viariumgroup.com\\\/tecnologia\\\/\"},{\"@type\":\"ListItem\",\"position\":3,\"name\":\"i+d+i\"}]},{\"@type\":\"WebSite\",\"@id\":\"https:\\\/\\\/viariumgroup.com\\\/#website\",\"url\":\"https:\\\/\\\/viariumgroup.com\\\/\",\"name\":\"Viarium\",\"description\":\"Viarium\",\"publisher\":{\"@id\":\"https:\\\/\\\/viariumgroup.com\\\/#organization\"},\"potentialAction\":[{\"@type\":\"SearchAction\",\"target\":{\"@type\":\"EntryPoint\",\"urlTemplate\":\"https:\\\/\\\/viariumgroup.com\\\/?s={search_term_string}\"},\"query-input\":{\"@type\":\"PropertyValueSpecification\",\"valueRequired\":true,\"valueName\":\"search_term_string\"}}],\"inLanguage\":\"en-GB\"},{\"@type\":\"Organization\",\"@id\":\"https:\\\/\\\/viariumgroup.com\\\/#organization\",\"name\":\"Viarium\",\"url\":\"https:\\\/\\\/viariumgroup.com\\\/\",\"logo\":{\"@type\":\"ImageObject\",\"inLanguage\":\"en-GB\",\"@id\":\"https:\\\/\\\/viariumgroup.com\\\/#\\\/schema\\\/logo\\\/image\\\/\",\"url\":\"https:\\\/\\\/viariumgroup.com\\\/wp-content\\\/uploads\\\/2026\\\/03\\\/LOGO-VIARIUM-WHITE2.png\",\"contentUrl\":\"https:\\\/\\\/viariumgroup.com\\\/wp-content\\\/uploads\\\/2026\\\/03\\\/LOGO-VIARIUM-WHITE2.png\",\"width\":1662,\"height\":829,\"caption\":\"Viarium\"},\"image\":{\"@id\":\"https:\\\/\\\/viariumgroup.com\\\/#\\\/schema\\\/logo\\\/image\\\/\"}}]}<\/script>\n<!-- \/ Yoast SEO plugin. -->","yoast_head_json":{"title":"RD&amp;i","description":"we are firmly committed to the development and implementation of research, development and technological innovation.","robots":{"index":"index","follow":"follow","max-snippet":"max-snippet:-1","max-image-preview":"max-image-preview:large","max-video-preview":"max-video-preview:-1"},"canonical":"https:\/\/viariumgroup.com\/en\/technology\/idi\/","og_locale":"en_GB","og_type":"article","og_title":"I+D+i","og_description":"Apostamos firmemente por el desarrollo e implantaci\u00f3n de la investigaci\u00f3n, desarrollo e innovaci\u00f3n tecnol\u00f3gica.","og_url":"https:\/\/viariumgroup.com\/en\/technology\/idi\/","og_site_name":"Viarium","article_modified_time":"2026-04-13T15:49:48+00:00","og_image":[{"width":757,"height":772,"url":"https:\/\/viariumgroup.com\/wp-content\/uploads\/2024\/01\/desarrollo-tecnologico-1.png","type":"image\/png"}],"twitter_card":"summary_large_image","twitter_misc":{"Estimated reading time":"1 minute"},"schema":{"@context":"https:\/\/schema.org","@graph":[{"@type":"WebPage","@id":"https:\/\/viariumgroup.com\/tecnologia\/idi\/","url":"https:\/\/viariumgroup.com\/tecnologia\/idi\/","name":"RD&amp;i","isPartOf":{"@id":"https:\/\/viariumgroup.com\/#website"},"primaryImageOfPage":{"@id":"https:\/\/viariumgroup.com\/tecnologia\/idi\/#primaryimage"},"image":{"@id":"https:\/\/viariumgroup.com\/tecnologia\/idi\/#primaryimage"},"thumbnailUrl":"https:\/\/viariumgroup.com\/wp-content\/uploads\/2024\/01\/desarrollo-tecnologico-1.png","datePublished":"2024-01-24T15:47:37+00:00","dateModified":"2026-04-13T15:49:48+00:00","description":"we are firmly committed to the development and implementation of research, development and technological innovation.","breadcrumb":{"@id":"https:\/\/viariumgroup.com\/tecnologia\/idi\/#breadcrumb"},"inLanguage":"en-GB","potentialAction":[{"@type":"ReadAction","target":["https:\/\/viariumgroup.com\/tecnologia\/idi\/"]}]},{"@type":"ImageObject","inLanguage":"en-GB","@id":"https:\/\/viariumgroup.com\/tecnologia\/idi\/#primaryimage","url":"https:\/\/viariumgroup.com\/wp-content\/uploads\/2024\/01\/desarrollo-tecnologico-1.png","contentUrl":"https:\/\/viariumgroup.com\/wp-content\/uploads\/2024\/01\/desarrollo-tecnologico-1.png"},{"@type":"BreadcrumbList","@id":"https:\/\/viariumgroup.com\/tecnologia\/idi\/#breadcrumb","itemListElement":[{"@type":"ListItem","position":1,"name":"Portada","item":"https:\/\/viariumgroup.com\/en\/"},{"@type":"ListItem","position":2,"name":"TECNOLOG\u00cdA","item":"https:\/\/viariumgroup.com\/tecnologia\/"},{"@type":"ListItem","position":3,"name":"i+d+i"}]},{"@type":"WebSite","@id":"https:\/\/viariumgroup.com\/#website","url":"https:\/\/viariumgroup.com\/","name":"Viarium","description":"Viarium","publisher":{"@id":"https:\/\/viariumgroup.com\/#organization"},"potentialAction":[{"@type":"SearchAction","target":{"@type":"EntryPoint","urlTemplate":"https:\/\/viariumgroup.com\/?s={search_term_string}"},"query-input":{"@type":"PropertyValueSpecification","valueRequired":true,"valueName":"search_term_string"}}],"inLanguage":"en-GB"},{"@type":"Organization","@id":"https:\/\/viariumgroup.com\/#organization","name":"Viarium","url":"https:\/\/viariumgroup.com\/","logo":{"@type":"ImageObject","inLanguage":"en-GB","@id":"https:\/\/viariumgroup.com\/#\/schema\/logo\/image\/","url":"https:\/\/viariumgroup.com\/wp-content\/uploads\/2026\/03\/LOGO-VIARIUM-WHITE2.png","contentUrl":"https:\/\/viariumgroup.com\/wp-content\/uploads\/2026\/03\/LOGO-VIARIUM-WHITE2.png","width":1662,"height":829,"caption":"Viarium"},"image":{"@id":"https:\/\/viariumgroup.com\/#\/schema\/logo\/image\/"}}]}},"_links":{"self":[{"href":"http:\/\/viariumgroup.com\/en\/wp-json\/wp\/v2\/pages\/479","targetHints":{"allow":["GET"]}}],"collection":[{"href":"http:\/\/viariumgroup.com\/en\/wp-json\/wp\/v2\/pages"}],"about":[{"href":"http:\/\/viariumgroup.com\/en\/wp-json\/wp\/v2\/types\/page"}],"author":[{"embeddable":true,"href":"http:\/\/viariumgroup.com\/en\/wp-json\/wp\/v2\/users\/1"}],"replies":[{"embeddable":true,"href":"http:\/\/viariumgroup.com\/en\/wp-json\/wp\/v2\/comments?post=479"}],"version-history":[{"count":3,"href":"http:\/\/viariumgroup.com\/en\/wp-json\/wp\/v2\/pages\/479\/revisions"}],"predecessor-version":[{"id":3820,"href":"http:\/\/viariumgroup.com\/en\/wp-json\/wp\/v2\/pages\/479\/revisions\/3820"}],"up":[{"embeddable":true,"href":"http:\/\/viariumgroup.com\/en\/wp-json\/wp\/v2\/pages\/138"}],"wp:attachment":[{"href":"http:\/\/viariumgroup.com\/en\/wp-json\/wp\/v2\/media?parent=479"}],"curies":[{"name":"wp","href":"https:\/\/api.w.org\/{rel}","templated":true}]}}