{"id":263,"date":"2024-01-24T10:41:06","date_gmt":"2024-01-24T09:41:06","guid":{"rendered":"https:\/\/viariumgroup.com\/?page_id=263"},"modified":"2026-04-14T16:09:14","modified_gmt":"2026-04-14T15:09:14","slug":"portfolio-servicios","status":"publish","type":"page","link":"https:\/\/viariumgroup.com\/en\/portfolio-servicios\/","title":{"rendered":"PORTFOLIO SERVICIOS"},"content":{"rendered":"<div data-elementor-type=\"wp-page\" data-elementor-id=\"263\" class=\"elementor elementor-263\" data-elementor-post-type=\"page\">\n\t\t\t\t<div class=\"elementor-element elementor-element-d485faf e-con-full e-flex e-con e-parent\" data-id=\"d485faf\" data-element_type=\"container\" data-e-type=\"container\" data-settings=\"{&quot;background_background&quot;:&quot;classic&quot;}\">\n\t\t<div class=\"elementor-element elementor-element-bface93 e-con-full e-flex e-con e-child\" data-id=\"bface93\" data-element_type=\"container\" data-e-type=\"container\">\n\t\t\t\t<div class=\"elementor-element elementor-element-af266b8 elementor-widget elementor-widget-heading\" data-id=\"af266b8\" data-element_type=\"widget\" data-e-type=\"widget\" data-widget_type=\"heading.default\">\n\t\t\t\t<div class=\"elementor-widget-container\">\n\t\t\t\t\t<h1 class=\"elementor-heading-title elementor-size-default\">Portfolio of Services<\/h1>\t\t\t\t<\/div>\n\t\t\t\t<\/div>\n\t\t\t\t<\/div>\n\t\t\t\t<\/div>\n\t\t<div class=\"elementor-element elementor-element-5111288 e-con-full e-flex e-con e-parent\" data-id=\"5111288\" data-element_type=\"container\" data-e-type=\"container\">\n\t\t<div class=\"elementor-element elementor-element-d247762 e-con-full e-flex e-con e-child\" data-id=\"d247762\" data-element_type=\"container\" data-e-type=\"container\" data-settings=\"{&quot;background_background&quot;:&quot;classic&quot;}\">\n\t\t\t\t<\/div>\n\t\t<div class=\"elementor-element elementor-element-ef82af2 e-con-full e-flex e-con e-child\" data-id=\"ef82af2\" data-element_type=\"container\" data-e-type=\"container\" data-settings=\"{&quot;background_background&quot;:&quot;classic&quot;}\">\n\t\t\t\t<div class=\"elementor-element elementor-element-f26f587 elementor-widget elementor-widget-text-editor\" data-id=\"f26f587\" data-element_type=\"widget\" data-e-type=\"widget\" data-widget_type=\"text-editor.default\">\n\t\t\t\t<div class=\"elementor-widget-container\">\n\t\t\t\t\t\t\t\t\t<p>Our portfolio of services is based on the following strategic lines:<\/p><ul class=\"white\"><li><strong>Smart infrastructures \/ Smartcities:<\/strong> Viarium knows that infrastructures are interconnected systems and associated services that can be managed efficiently and automatically through emerging technologies that also reduce costs and improve service quality.<\/li><li><strong>Energy, efficiency and sustainability:<\/strong> Activities at Viarium pursue the search for the best renewable energy technologies to optimise the cost and reliability of the energy generated, i.e. new forms of generation and demand management. Our core areas of action are: renewable energies, a smart energy system, energy efficiency and more sustainable transport systems.<br \/>Our top two research and development lines currently cover new sustainable fuels and energy and their associated infrastructure.<\/li><li><strong>Transport:<\/strong> Viarium is engaged in transport digitalisation and automation with a view to configuring an interconnected and efficient mobility system. This is all done with georeferencing and geolocation tools and systems, combined with smart management platforms as a basis for developing safe and efficient mobility solutions.<\/li><li><strong>Aeronautics and airspace:<\/strong> Remaining true to our aeronautical specialisation, Viarium has initiated projects related to this field. New uses for RPAS\/UAVS, developments in the Single European Sky, and other projects and factors have upgraded and scaled up air operations activities. Viarium attends to the challenges and opportunities associated with the transformation of the Spanish aeronautical sector within the framework of European policies.<\/li><\/ul>\t\t\t\t\t\t\t\t<\/div>\n\t\t\t\t<\/div>\n\t\t\t\t<\/div>\n\t\t\t\t<\/div>\n\t\t\t\t<\/div>","protected":false},"excerpt":{"rendered":"<p>Portfolio de servicios Nuestro portfolio de servicios se basa en siguientes l\u00edneas estrat\u00e9gicas: Infraestructuras inteligentes \/ Smartcities: En Viarium entendemos una infraestructura es un sistema interconectado que requiere de nuevas tecnolog\u00edas para la gesti\u00f3n autom\u00e1tica y eficiente de las infraestructuras y los servicios asociados, as\u00ed como la reducci\u00f3n de los costes y la mejora de [&hellip;]<\/p>\n","protected":false},"author":1,"featured_media":0,"parent":0,"menu_order":0,"comment_status":"closed","ping_status":"closed","template":"elementor_header_footer","meta":{"_acf_changed":false,"footnotes":""},"class_list":["post-263","page","type-page","status-publish","hentry"],"acf":[],"yoast_head":"<!-- This site is optimized with the Yoast SEO plugin v27.4 - https:\/\/yoast.com\/product\/yoast-seo-wordpress\/ -->\n<title>Portfolio de servicios<\/title>\n<meta name=\"description\" content=\"Descubre todos nuestros servicios de car\u00e1cter tecnol\u00f3gico.\" \/>\n<meta name=\"robots\" content=\"index, follow, max-snippet:-1, max-image-preview:large, max-video-preview:-1\" \/>\n<link rel=\"canonical\" href=\"https:\/\/viariumgroup.com\/en\/portfolio-servicios\/\" \/>\n<meta property=\"og:locale\" content=\"en_GB\" \/>\n<meta property=\"og:type\" content=\"article\" \/>\n<meta property=\"og:title\" content=\"Portfolio de servicios\" \/>\n<meta property=\"og:description\" content=\"Descubre todos nuestros servicios de car\u00e1cter tecnol\u00f3gico.\" \/>\n<meta property=\"og:url\" content=\"https:\/\/viariumgroup.com\/en\/portfolio-servicios\/\" \/>\n<meta property=\"og:site_name\" content=\"Viarium\" \/>\n<meta property=\"article:modified_time\" content=\"2026-04-14T15:09:14+00:00\" \/>\n<meta name=\"twitter:card\" content=\"summary_large_image\" \/>\n<meta name=\"twitter:label1\" content=\"Estimated reading time\" \/>\n\t<meta name=\"twitter:data1\" content=\"2 minutes\" \/>\n<script type=\"application\/ld+json\" class=\"yoast-schema-graph\">{\"@context\":\"https:\\\/\\\/schema.org\",\"@graph\":[{\"@type\":\"WebPage\",\"@id\":\"https:\\\/\\\/viariumgroup.com\\\/portfolio-servicios\\\/\",\"url\":\"https:\\\/\\\/viariumgroup.com\\\/portfolio-servicios\\\/\",\"name\":\"Portfolio de servicios\",\"isPartOf\":{\"@id\":\"https:\\\/\\\/viariumgroup.com\\\/#website\"},\"datePublished\":\"2024-01-24T09:41:06+00:00\",\"dateModified\":\"2026-04-14T15:09:14+00:00\",\"description\":\"Descubre todos nuestros servicios de car\u00e1cter tecnol\u00f3gico.\",\"breadcrumb\":{\"@id\":\"https:\\\/\\\/viariumgroup.com\\\/portfolio-servicios\\\/#breadcrumb\"},\"inLanguage\":\"en-GB\",\"potentialAction\":[{\"@type\":\"ReadAction\",\"target\":[\"https:\\\/\\\/viariumgroup.com\\\/portfolio-servicios\\\/\"]}]},{\"@type\":\"BreadcrumbList\",\"@id\":\"https:\\\/\\\/viariumgroup.com\\\/portfolio-servicios\\\/#breadcrumb\",\"itemListElement\":[{\"@type\":\"ListItem\",\"position\":1,\"name\":\"Portada\",\"item\":\"https:\\\/\\\/viariumgroup.com\\\/en\\\/\"},{\"@type\":\"ListItem\",\"position\":2,\"name\":\"PORTFOLIO SERVICIOS\"}]},{\"@type\":\"WebSite\",\"@id\":\"https:\\\/\\\/viariumgroup.com\\\/#website\",\"url\":\"https:\\\/\\\/viariumgroup.com\\\/\",\"name\":\"Viarium\",\"description\":\"Viarium\",\"publisher\":{\"@id\":\"https:\\\/\\\/viariumgroup.com\\\/#organization\"},\"potentialAction\":[{\"@type\":\"SearchAction\",\"target\":{\"@type\":\"EntryPoint\",\"urlTemplate\":\"https:\\\/\\\/viariumgroup.com\\\/?s={search_term_string}\"},\"query-input\":{\"@type\":\"PropertyValueSpecification\",\"valueRequired\":true,\"valueName\":\"search_term_string\"}}],\"inLanguage\":\"en-GB\"},{\"@type\":\"Organization\",\"@id\":\"https:\\\/\\\/viariumgroup.com\\\/#organization\",\"name\":\"Viarium\",\"url\":\"https:\\\/\\\/viariumgroup.com\\\/\",\"logo\":{\"@type\":\"ImageObject\",\"inLanguage\":\"en-GB\",\"@id\":\"https:\\\/\\\/viariumgroup.com\\\/#\\\/schema\\\/logo\\\/image\\\/\",\"url\":\"https:\\\/\\\/viariumgroup.com\\\/wp-content\\\/uploads\\\/2026\\\/03\\\/LOGO-VIARIUM-WHITE2.png\",\"contentUrl\":\"https:\\\/\\\/viariumgroup.com\\\/wp-content\\\/uploads\\\/2026\\\/03\\\/LOGO-VIARIUM-WHITE2.png\",\"width\":1662,\"height\":829,\"caption\":\"Viarium\"},\"image\":{\"@id\":\"https:\\\/\\\/viariumgroup.com\\\/#\\\/schema\\\/logo\\\/image\\\/\"}}]}<\/script>\n<!-- \/ Yoast SEO plugin. -->","yoast_head_json":{"title":"Portfolio of Services","description":"Discover all our technological services.","robots":{"index":"index","follow":"follow","max-snippet":"max-snippet:-1","max-image-preview":"max-image-preview:large","max-video-preview":"max-video-preview:-1"},"canonical":"https:\/\/viariumgroup.com\/en\/portfolio-servicios\/","og_locale":"en_GB","og_type":"article","og_title":"Portfolio de servicios","og_description":"Descubre todos nuestros servicios de car\u00e1cter tecnol\u00f3gico.","og_url":"https:\/\/viariumgroup.com\/en\/portfolio-servicios\/","og_site_name":"Viarium","article_modified_time":"2026-04-14T15:09:14+00:00","twitter_card":"summary_large_image","twitter_misc":{"Estimated reading time":"2 minutes"},"schema":{"@context":"https:\/\/schema.org","@graph":[{"@type":"WebPage","@id":"https:\/\/viariumgroup.com\/portfolio-servicios\/","url":"https:\/\/viariumgroup.com\/portfolio-servicios\/","name":"Portfolio of Services","isPartOf":{"@id":"https:\/\/viariumgroup.com\/#website"},"datePublished":"2024-01-24T09:41:06+00:00","dateModified":"2026-04-14T15:09:14+00:00","description":"Discover all our technological services.","breadcrumb":{"@id":"https:\/\/viariumgroup.com\/portfolio-servicios\/#breadcrumb"},"inLanguage":"en-GB","potentialAction":[{"@type":"ReadAction","target":["https:\/\/viariumgroup.com\/portfolio-servicios\/"]}]},{"@type":"BreadcrumbList","@id":"https:\/\/viariumgroup.com\/portfolio-servicios\/#breadcrumb","itemListElement":[{"@type":"ListItem","position":1,"name":"Portada","item":"https:\/\/viariumgroup.com\/en\/"},{"@type":"ListItem","position":2,"name":"PORTFOLIO SERVICIOS"}]},{"@type":"WebSite","@id":"https:\/\/viariumgroup.com\/#website","url":"https:\/\/viariumgroup.com\/","name":"Viarium","description":"Viarium","publisher":{"@id":"https:\/\/viariumgroup.com\/#organization"},"potentialAction":[{"@type":"SearchAction","target":{"@type":"EntryPoint","urlTemplate":"https:\/\/viariumgroup.com\/?s={search_term_string}"},"query-input":{"@type":"PropertyValueSpecification","valueRequired":true,"valueName":"search_term_string"}}],"inLanguage":"en-GB"},{"@type":"Organization","@id":"https:\/\/viariumgroup.com\/#organization","name":"Viarium","url":"https:\/\/viariumgroup.com\/","logo":{"@type":"ImageObject","inLanguage":"en-GB","@id":"https:\/\/viariumgroup.com\/#\/schema\/logo\/image\/","url":"https:\/\/viariumgroup.com\/wp-content\/uploads\/2026\/03\/LOGO-VIARIUM-WHITE2.png","contentUrl":"https:\/\/viariumgroup.com\/wp-content\/uploads\/2026\/03\/LOGO-VIARIUM-WHITE2.png","width":1662,"height":829,"caption":"Viarium"},"image":{"@id":"https:\/\/viariumgroup.com\/#\/schema\/logo\/image\/"}}]}},"_links":{"self":[{"href":"https:\/\/viariumgroup.com\/en\/wp-json\/wp\/v2\/pages\/263","targetHints":{"allow":["GET"]}}],"collection":[{"href":"https:\/\/viariumgroup.com\/en\/wp-json\/wp\/v2\/pages"}],"about":[{"href":"https:\/\/viariumgroup.com\/en\/wp-json\/wp\/v2\/types\/page"}],"author":[{"embeddable":true,"href":"https:\/\/viariumgroup.com\/en\/wp-json\/wp\/v2\/users\/1"}],"replies":[{"embeddable":true,"href":"https:\/\/viariumgroup.com\/en\/wp-json\/wp\/v2\/comments?post=263"}],"version-history":[{"count":3,"href":"https:\/\/viariumgroup.com\/en\/wp-json\/wp\/v2\/pages\/263\/revisions"}],"predecessor-version":[{"id":3824,"href":"https:\/\/viariumgroup.com\/en\/wp-json\/wp\/v2\/pages\/263\/revisions\/3824"}],"wp:attachment":[{"href":"https:\/\/viariumgroup.com\/en\/wp-json\/wp\/v2\/media?parent=263"}],"curies":[{"name":"wp","href":"https:\/\/api.w.org\/{rel}","templated":true}]}}