{"id":3612,"date":"2026-04-08T16:02:53","date_gmt":"2026-04-08T15:02:53","guid":{"rendered":"https:\/\/viariumgroup.com\/?page_id=3612"},"modified":"2026-04-09T09:35:48","modified_gmt":"2026-04-09T08:35:48","slug":"canal-etico","status":"publish","type":"page","link":"https:\/\/viariumgroup.com\/en\/canal-etico\/","title":{"rendered":"Ethics Channel"},"content":{"rendered":"<div data-elementor-type=\"wp-page\" data-elementor-id=\"3612\" class=\"elementor elementor-3612\" data-elementor-post-type=\"page\">\n\t\t\t\t<div class=\"elementor-element elementor-element-53c546f9 e-flex e-con-boxed e-con e-parent\" data-id=\"53c546f9\" data-element_type=\"container\" data-e-type=\"container\">\n\t\t\t\t\t<div class=\"e-con-inner\">\n\t\t\t\t<div class=\"elementor-element elementor-element-be0330d elementor-widget elementor-widget-text-editor\" data-id=\"be0330d\" data-element_type=\"widget\" data-e-type=\"widget\" data-widget_type=\"text-editor.default\">\n\t\t\t\t<div class=\"elementor-widget-container\">\n\t\t\t\t\t\t\t\t\t<section class=\"ethical-channel\">\n<div class=\"ethical-channel__inner\">\n\n<strong>VIARIUM INGENIER\u00cdA, S.L.<\/strong> hereinafter, <strong>VIARIUM<\/strong>has enabled the electronic address\n<a href=\"mailto:canal.etico@viarium.es\">canal.etico@viarium.es<\/a> como elemento clave e id\u00f3neo para la supervisi\u00f3n, control y prevenci\u00f3n en el \u00e1mbito del cumplimiento \u00e9tico y normativo, con el prop\u00f3sito de promover una cultura de transparencia, \u00e9tica y libre de conductas de corrupci\u00f3n, fraude o incumplimientos administrativos y\/o penales.\n\nEl presente Canal Interno de Informaci\u00f3n se instaura como elemento clave e id\u00f3neo para la supervisi\u00f3n, control y prevenci\u00f3n en el \u00e1mbito del cumplimiento \u00e9tico y normativo, con el prop\u00f3sito de promover una cultura de transparencia, \u00e9tica y libre de conductas de corrupci\u00f3n, fraude o incumplimientos administrativos y\/o penales en la organizaci\u00f3n.\n<h2>Channel scope<\/h2>\nThis channel does not handle customer queries, complaints or claims, nor HR-related matters. For these cases, you should use the channels specifically set up for them.\n<h2>Regulatory framework<\/h2>\nThe channel complies with the provisions of Law 2\/2023, of 20 February, on the Protection of Whistleblowers and Royal Decree-Law 3\/2020, of 4 February, as well as the provisions of Article 31 bis of the Criminal Code regarding compliance, Circular 1\/16 of the State Attorney General's Office, and the case law of the Supreme Court on the matter.\n<h2>What can be communicated through this channel<\/h2>\nThis channel is established as an objective and effective mechanism to inform about:\n<h3>Infringements of European Union Law<\/h3>\nAny actions or omissions that may constitute infringements of European Union law, in accordance with the requirements set out in the regulations.\n<h3>Serious criminal or administrative infringements<\/h3>\nActions or omissions that may constitute a serious or very serious criminal or administrative offence. In any case, all criminal or administrative offences of a serious or very serious nature that involve economic loss for the Public Treasury and Social Security shall be deemed to be included.\n<h3>Internal and Code of Ethics breaches<\/h3>\nRelevant breaches, or well-founded indications of having occurred, of the internal regulations and basic principles of the Code of Ethics and Conduct, which do or do not involve an infringement of the matters set out in the preceding sections or in the field of labour relations.\n<h2>Responsible use of the channel<\/h2>\nThe reported facts must be true. Consequently, the whistleblower must ensure that the information provided is correct and must not use the channel to make false reports, reports that show manifest bad faith, unfounded reports or reports without concrete indications, reports on facts that are not reportable because they do not constitute any type of offence or ethical breach, or reports relating to facts that are already under judicial review.\n<h2>Forms of presentation of communications<\/h2>\nComplaints can be made through this channel or verbally, after a request through this or other established means.\n<h2>Confidentiality and whistleblower protection<\/h2>\nThis channel provides a confidential and secure means for anyone who has dealings with the organisation to report any suspicious or illegal operations without fear of reprisal.\n\nThis channel guarantees the confidentiality of the identity of whistle-blowers, of any third party mentioned in the communication and of the actions taken in the management and processing of communications, taking into account, in all cases, data protection regulations and preventing access by unauthorised personnel.\n<h2>Management and resolution of communications<\/h2>\nAll reports or communications will be answered and resolved as quickly as possible, respecting the legally established deadlines and, in no case, will information be provided to third parties except in cases where legislation so permits.\n<h2>Data protection<\/h2>\nThe record of communications is not public. In any case, this channel complies with and respects Organic Law 3\/2018 of December 5 on the Protection of Personal Data and the Guarantee of Digital Rights.\n\nThe organization will retain personal data related to this channel for the period strictly necessary and will never retain personal data related to this processing for a period longer than that legally established.\n\nFor more information about the processing of your personal data on this channel, please consult the\n<a href=\"\/en\/politica-privacidad\/\">Privacy Policy<\/a>.\n\n<\/div>\n<\/section>\t\t\t\t\t\t\t\t<\/div>\n\t\t\t\t<\/div>\n\t\t\t\t\t<\/div>\n\t\t\t\t<\/div>\n\t\t<div class=\"elementor-element elementor-element-42216e8 e-con-full e-flex e-con e-parent\" data-id=\"42216e8\" data-element_type=\"container\" data-e-type=\"container\">\n\t\t<div class=\"elementor-element elementor-element-76ce6d7 e-con-full e-flex e-con e-child\" data-id=\"76ce6d7\" data-element_type=\"container\" data-e-type=\"container\">\n\t\t<div class=\"elementor-element elementor-element-268de98 e-con-full e-flex e-con e-child\" data-id=\"268de98\" data-element_type=\"container\" data-e-type=\"container\">\n\t\t<div class=\"elementor-element elementor-element-73392a8 e-con-full e-flex e-con e-child\" data-id=\"73392a8\" data-element_type=\"container\" data-e-type=\"container\">\n\t\t\t\t<div class=\"elementor-element elementor-element-1b29b17 elementor-widget elementor-widget-image\" data-id=\"1b29b17\" data-element_type=\"widget\" data-e-type=\"widget\" data-widget_type=\"image.default\">\n\t\t\t\t<div class=\"elementor-widget-container\">\n\t\t\t\t\t\t\t\t\t\t\t\t\t\t\t<img fetchpriority=\"high\" decoding=\"async\" width=\"512\" height=\"512\" src=\"https:\/\/viariumgroup.com\/wp-content\/uploads\/2024\/02\/cropped-FAV-ICON-VIARIUM.png\" class=\"attachment-full size-full wp-image-597\" alt=\"\" srcset=\"https:\/\/viariumgroup.com\/wp-content\/uploads\/2024\/02\/cropped-FAV-ICON-VIARIUM.png 512w, https:\/\/viariumgroup.com\/wp-content\/uploads\/2024\/02\/cropped-FAV-ICON-VIARIUM-300x300.png 300w, https:\/\/viariumgroup.com\/wp-content\/uploads\/2024\/02\/cropped-FAV-ICON-VIARIUM-150x150.png 150w, https:\/\/viariumgroup.com\/wp-content\/uploads\/2024\/02\/cropped-FAV-ICON-VIARIUM-270x270.png 270w, https:\/\/viariumgroup.com\/wp-content\/uploads\/2024\/02\/cropped-FAV-ICON-VIARIUM-192x192.png 192w, https:\/\/viariumgroup.com\/wp-content\/uploads\/2024\/02\/cropped-FAV-ICON-VIARIUM-180x180.png 180w, https:\/\/viariumgroup.com\/wp-content\/uploads\/2024\/02\/cropped-FAV-ICON-VIARIUM-32x32.png 32w\" sizes=\"(max-width: 512px) 100vw, 512px\" \/>\t\t\t\t\t\t\t\t\t\t\t\t\t\t\t<\/div>\n\t\t\t\t<\/div>\n\t\t\t\t<\/div>\n\t\t<div class=\"elementor-element elementor-element-1fba06e e-con-full e-flex e-con e-child\" data-id=\"1fba06e\" data-element_type=\"container\" data-e-type=\"container\">\n\t\t\t\t<div class=\"elementor-element elementor-element-cb6c8f7 elementor-widget__width-initial elementor-widget elementor-widget-heading\" data-id=\"cb6c8f7\" data-element_type=\"widget\" data-e-type=\"widget\" data-widget_type=\"heading.default\">\n\t\t\t\t<div class=\"elementor-widget-container\">\n\t\t\t\t\t<h3 class=\"elementor-heading-title elementor-size-default\">SII Policy<\/h3>\t\t\t\t<\/div>\n\t\t\t\t<\/div>\n\t\t\t\t<div class=\"elementor-element elementor-element-239246c descargar-es elementor-widget elementor-widget-button\" data-id=\"239246c\" data-element_type=\"widget\" data-e-type=\"widget\" data-widget_type=\"button.default\">\n\t\t\t\t<div class=\"elementor-widget-container\">\n\t\t\t\t\t\t\t\t\t<div class=\"elementor-button-wrapper\">\n\t\t\t\t\t<a class=\"elementor-button elementor-button-link elementor-size-sm\" href=\"https:\/\/viariumgroup.com\/wp-content\/uploads\/2026\/04\/Viarium-Policies-Whistleblower-Channel.pdf\" target=\"_blank\">\n\t\t\t\t\t\t<span class=\"elementor-button-content-wrapper\">\n\t\t\t\t\t\t\t\t\t<span class=\"elementor-button-text\">DOWNLOAD<\/span>\n\t\t\t\t\t<\/span>\n\t\t\t\t\t<\/a>\n\t\t\t\t<\/div>\n\t\t\t\t\t\t\t\t<\/div>\n\t\t\t\t<\/div>\n\t\t\t\t<div class=\"elementor-element elementor-element-70586a2 descargar-en elementor-widget elementor-widget-button\" data-id=\"70586a2\" data-element_type=\"widget\" data-e-type=\"widget\" data-widget_type=\"button.default\">\n\t\t\t\t<div class=\"elementor-widget-container\">\n\t\t\t\t\t\t\t\t\t<div class=\"elementor-button-wrapper\">\n\t\t\t\t\t<a class=\"elementor-button elementor-button-link elementor-size-sm\" href=\"https:\/\/viariumgroup.com\/wp-content\/uploads\/2026\/04\/Viarium-Policies-Whistleblower-Channel.pdf\" target=\"_blank\">\n\t\t\t\t\t\t<span class=\"elementor-button-content-wrapper\">\n\t\t\t\t\t\t\t\t\t<span class=\"elementor-button-text\">DOWNLOAD<\/span>\n\t\t\t\t\t<\/span>\n\t\t\t\t\t<\/a>\n\t\t\t\t<\/div>\n\t\t\t\t\t\t\t\t<\/div>\n\t\t\t\t<\/div>\n\t\t\t\t<\/div>\n\t\t\t\t<\/div>\n\t\t\t\t<\/div>\n\t\t\t\t<\/div>\n\t\t\t\t<\/div>","protected":false},"excerpt":{"rendered":"<p>VIARIUM INGENIER\u00cdA, S.L. (en adelante, VIARIUM) ha habilitado la direcci\u00f3n electr\u00f3nica canal.etico@viarium.es como elemento clave e id\u00f3neo para la supervisi\u00f3n, control y prevenci\u00f3n en el \u00e1mbito del cumplimiento \u00e9tico y normativo, con el prop\u00f3sito de promover una cultura de transparencia, \u00e9tica y libre de conductas de corrupci\u00f3n, fraude o incumplimientos administrativos y\/o penales. El presente [&hellip;]<\/p>\n","protected":false},"author":1,"featured_media":0,"parent":0,"menu_order":0,"comment_status":"closed","ping_status":"closed","template":"","meta":{"_acf_changed":false,"footnotes":""},"class_list":["post-3612","page","type-page","status-publish","hentry"],"acf":[],"yoast_head":"<!-- This site is optimized with the Yoast SEO plugin v27.4 - https:\/\/yoast.com\/product\/yoast-seo-wordpress\/ -->\n<title>Canal \u00c9tico - Viarium<\/title>\n<meta name=\"robots\" content=\"index, follow, max-snippet:-1, max-image-preview:large, max-video-preview:-1\" \/>\n<link rel=\"canonical\" href=\"https:\/\/viariumgroup.com\/en\/canal-etico\/\" \/>\n<meta property=\"og:locale\" content=\"en_GB\" \/>\n<meta property=\"og:type\" content=\"article\" \/>\n<meta property=\"og:title\" content=\"Canal \u00c9tico - Viarium\" \/>\n<meta property=\"og:description\" content=\"VIARIUM INGENIER\u00cdA, S.L. (en adelante, VIARIUM) ha habilitado la direcci\u00f3n electr\u00f3nica canal.etico@viarium.es como elemento clave e id\u00f3neo para la supervisi\u00f3n, control y prevenci\u00f3n en el \u00e1mbito del cumplimiento \u00e9tico y normativo, con el prop\u00f3sito de promover una cultura de transparencia, \u00e9tica y libre de conductas de corrupci\u00f3n, fraude o incumplimientos administrativos y\/o penales. El presente [&hellip;]\" \/>\n<meta property=\"og:url\" content=\"https:\/\/viariumgroup.com\/en\/canal-etico\/\" \/>\n<meta property=\"og:site_name\" content=\"Viarium\" \/>\n<meta property=\"article:modified_time\" content=\"2026-04-09T08:35:48+00:00\" \/>\n<meta property=\"og:image\" content=\"https:\/\/viariumgroup.com\/wp-content\/uploads\/2024\/02\/cropped-FAV-ICON-VIARIUM.png\" \/>\n\t<meta property=\"og:image:width\" content=\"512\" \/>\n\t<meta property=\"og:image:height\" content=\"512\" \/>\n\t<meta property=\"og:image:type\" content=\"image\/png\" \/>\n<meta name=\"twitter:card\" content=\"summary_large_image\" \/>\n<meta name=\"twitter:label1\" content=\"Estimated reading time\" \/>\n\t<meta name=\"twitter:data1\" content=\"4 minutes\" \/>\n<script type=\"application\/ld+json\" class=\"yoast-schema-graph\">{\"@context\":\"https:\\\/\\\/schema.org\",\"@graph\":[{\"@type\":\"WebPage\",\"@id\":\"https:\\\/\\\/viariumgroup.com\\\/canal-etico\\\/\",\"url\":\"https:\\\/\\\/viariumgroup.com\\\/canal-etico\\\/\",\"name\":\"Canal \u00c9tico - Viarium\",\"isPartOf\":{\"@id\":\"https:\\\/\\\/viariumgroup.com\\\/#website\"},\"primaryImageOfPage\":{\"@id\":\"https:\\\/\\\/viariumgroup.com\\\/canal-etico\\\/#primaryimage\"},\"image\":{\"@id\":\"https:\\\/\\\/viariumgroup.com\\\/canal-etico\\\/#primaryimage\"},\"thumbnailUrl\":\"https:\\\/\\\/viariumgroup.com\\\/wp-content\\\/uploads\\\/2024\\\/02\\\/cropped-FAV-ICON-VIARIUM.png\",\"datePublished\":\"2026-04-08T15:02:53+00:00\",\"dateModified\":\"2026-04-09T08:35:48+00:00\",\"breadcrumb\":{\"@id\":\"https:\\\/\\\/viariumgroup.com\\\/canal-etico\\\/#breadcrumb\"},\"inLanguage\":\"en-GB\",\"potentialAction\":[{\"@type\":\"ReadAction\",\"target\":[\"https:\\\/\\\/viariumgroup.com\\\/canal-etico\\\/\"]}]},{\"@type\":\"ImageObject\",\"inLanguage\":\"en-GB\",\"@id\":\"https:\\\/\\\/viariumgroup.com\\\/canal-etico\\\/#primaryimage\",\"url\":\"https:\\\/\\\/viariumgroup.com\\\/wp-content\\\/uploads\\\/2024\\\/02\\\/cropped-FAV-ICON-VIARIUM.png\",\"contentUrl\":\"https:\\\/\\\/viariumgroup.com\\\/wp-content\\\/uploads\\\/2024\\\/02\\\/cropped-FAV-ICON-VIARIUM.png\"},{\"@type\":\"BreadcrumbList\",\"@id\":\"https:\\\/\\\/viariumgroup.com\\\/canal-etico\\\/#breadcrumb\",\"itemListElement\":[{\"@type\":\"ListItem\",\"position\":1,\"name\":\"Portada\",\"item\":\"https:\\\/\\\/viariumgroup.com\\\/en\\\/\"},{\"@type\":\"ListItem\",\"position\":2,\"name\":\"Canal \u00c9tico\"}]},{\"@type\":\"WebSite\",\"@id\":\"https:\\\/\\\/viariumgroup.com\\\/#website\",\"url\":\"https:\\\/\\\/viariumgroup.com\\\/\",\"name\":\"Viarium\",\"description\":\"Viarium\",\"publisher\":{\"@id\":\"https:\\\/\\\/viariumgroup.com\\\/#organization\"},\"potentialAction\":[{\"@type\":\"SearchAction\",\"target\":{\"@type\":\"EntryPoint\",\"urlTemplate\":\"https:\\\/\\\/viariumgroup.com\\\/?s={search_term_string}\"},\"query-input\":{\"@type\":\"PropertyValueSpecification\",\"valueRequired\":true,\"valueName\":\"search_term_string\"}}],\"inLanguage\":\"en-GB\"},{\"@type\":\"Organization\",\"@id\":\"https:\\\/\\\/viariumgroup.com\\\/#organization\",\"name\":\"Viarium\",\"url\":\"https:\\\/\\\/viariumgroup.com\\\/\",\"logo\":{\"@type\":\"ImageObject\",\"inLanguage\":\"en-GB\",\"@id\":\"https:\\\/\\\/viariumgroup.com\\\/#\\\/schema\\\/logo\\\/image\\\/\",\"url\":\"https:\\\/\\\/viariumgroup.com\\\/wp-content\\\/uploads\\\/2026\\\/03\\\/LOGO-VIARIUM-WHITE2.png\",\"contentUrl\":\"https:\\\/\\\/viariumgroup.com\\\/wp-content\\\/uploads\\\/2026\\\/03\\\/LOGO-VIARIUM-WHITE2.png\",\"width\":1662,\"height\":829,\"caption\":\"Viarium\"},\"image\":{\"@id\":\"https:\\\/\\\/viariumgroup.com\\\/#\\\/schema\\\/logo\\\/image\\\/\"}}]}<\/script>\n<!-- \/ Yoast SEO plugin. -->","yoast_head_json":{"title":"Ethics Channel - Viarium","robots":{"index":"index","follow":"follow","max-snippet":"max-snippet:-1","max-image-preview":"max-image-preview:large","max-video-preview":"max-video-preview:-1"},"canonical":"https:\/\/viariumgroup.com\/en\/canal-etico\/","og_locale":"en_GB","og_type":"article","og_title":"Canal \u00c9tico - Viarium","og_description":"VIARIUM INGENIER\u00cdA, S.L. (en adelante, VIARIUM) ha habilitado la direcci\u00f3n electr\u00f3nica canal.etico@viarium.es como elemento clave e id\u00f3neo para la supervisi\u00f3n, control y prevenci\u00f3n en el \u00e1mbito del cumplimiento \u00e9tico y normativo, con el prop\u00f3sito de promover una cultura de transparencia, \u00e9tica y libre de conductas de corrupci\u00f3n, fraude o incumplimientos administrativos y\/o penales. El presente [&hellip;]","og_url":"https:\/\/viariumgroup.com\/en\/canal-etico\/","og_site_name":"Viarium","article_modified_time":"2026-04-09T08:35:48+00:00","og_image":[{"width":512,"height":512,"url":"https:\/\/viariumgroup.com\/wp-content\/uploads\/2024\/02\/cropped-FAV-ICON-VIARIUM.png","type":"image\/png"}],"twitter_card":"summary_large_image","twitter_misc":{"Estimated reading time":"4 minutes"},"schema":{"@context":"https:\/\/schema.org","@graph":[{"@type":"WebPage","@id":"https:\/\/viariumgroup.com\/canal-etico\/","url":"https:\/\/viariumgroup.com\/canal-etico\/","name":"Ethics Channel - Viarium","isPartOf":{"@id":"https:\/\/viariumgroup.com\/#website"},"primaryImageOfPage":{"@id":"https:\/\/viariumgroup.com\/canal-etico\/#primaryimage"},"image":{"@id":"https:\/\/viariumgroup.com\/canal-etico\/#primaryimage"},"thumbnailUrl":"https:\/\/viariumgroup.com\/wp-content\/uploads\/2024\/02\/cropped-FAV-ICON-VIARIUM.png","datePublished":"2026-04-08T15:02:53+00:00","dateModified":"2026-04-09T08:35:48+00:00","breadcrumb":{"@id":"https:\/\/viariumgroup.com\/canal-etico\/#breadcrumb"},"inLanguage":"en-GB","potentialAction":[{"@type":"ReadAction","target":["https:\/\/viariumgroup.com\/canal-etico\/"]}]},{"@type":"ImageObject","inLanguage":"en-GB","@id":"https:\/\/viariumgroup.com\/canal-etico\/#primaryimage","url":"https:\/\/viariumgroup.com\/wp-content\/uploads\/2024\/02\/cropped-FAV-ICON-VIARIUM.png","contentUrl":"https:\/\/viariumgroup.com\/wp-content\/uploads\/2024\/02\/cropped-FAV-ICON-VIARIUM.png"},{"@type":"BreadcrumbList","@id":"https:\/\/viariumgroup.com\/canal-etico\/#breadcrumb","itemListElement":[{"@type":"ListItem","position":1,"name":"Portada","item":"https:\/\/viariumgroup.com\/en\/"},{"@type":"ListItem","position":2,"name":"Canal \u00c9tico"}]},{"@type":"WebSite","@id":"https:\/\/viariumgroup.com\/#website","url":"https:\/\/viariumgroup.com\/","name":"Viarium","description":"Viarium","publisher":{"@id":"https:\/\/viariumgroup.com\/#organization"},"potentialAction":[{"@type":"SearchAction","target":{"@type":"EntryPoint","urlTemplate":"https:\/\/viariumgroup.com\/?s={search_term_string}"},"query-input":{"@type":"PropertyValueSpecification","valueRequired":true,"valueName":"search_term_string"}}],"inLanguage":"en-GB"},{"@type":"Organization","@id":"https:\/\/viariumgroup.com\/#organization","name":"Viarium","url":"https:\/\/viariumgroup.com\/","logo":{"@type":"ImageObject","inLanguage":"en-GB","@id":"https:\/\/viariumgroup.com\/#\/schema\/logo\/image\/","url":"https:\/\/viariumgroup.com\/wp-content\/uploads\/2026\/03\/LOGO-VIARIUM-WHITE2.png","contentUrl":"https:\/\/viariumgroup.com\/wp-content\/uploads\/2026\/03\/LOGO-VIARIUM-WHITE2.png","width":1662,"height":829,"caption":"Viarium"},"image":{"@id":"https:\/\/viariumgroup.com\/#\/schema\/logo\/image\/"}}]}},"_links":{"self":[{"href":"https:\/\/viariumgroup.com\/en\/wp-json\/wp\/v2\/pages\/3612","targetHints":{"allow":["GET"]}}],"collection":[{"href":"https:\/\/viariumgroup.com\/en\/wp-json\/wp\/v2\/pages"}],"about":[{"href":"https:\/\/viariumgroup.com\/en\/wp-json\/wp\/v2\/types\/page"}],"author":[{"embeddable":true,"href":"https:\/\/viariumgroup.com\/en\/wp-json\/wp\/v2\/users\/1"}],"replies":[{"embeddable":true,"href":"https:\/\/viariumgroup.com\/en\/wp-json\/wp\/v2\/comments?post=3612"}],"version-history":[{"count":22,"href":"https:\/\/viariumgroup.com\/en\/wp-json\/wp\/v2\/pages\/3612\/revisions"}],"predecessor-version":[{"id":3640,"href":"https:\/\/viariumgroup.com\/en\/wp-json\/wp\/v2\/pages\/3612\/revisions\/3640"}],"wp:attachment":[{"href":"https:\/\/viariumgroup.com\/en\/wp-json\/wp\/v2\/media?parent=3612"}],"curies":[{"name":"wp","href":"https:\/\/api.w.org\/{rel}","templated":true}]}}