{"id":487,"date":"2024-01-24T16:51:04","date_gmt":"2024-01-24T15:51:04","guid":{"rendered":"https:\/\/viariumgroup.com\/?page_id=487"},"modified":"2026-04-13T16:43:15","modified_gmt":"2026-04-13T15:43:15","slug":"desarrollo-tecnologico","status":"publish","type":"page","link":"https:\/\/viariumgroup.com\/en\/tecnologia\/desarrollo-tecnologico\/","title":{"rendered":"Desarrollo tecnologico"},"content":{"rendered":"<div data-elementor-type=\"wp-page\" data-elementor-id=\"487\" class=\"elementor elementor-487\" data-elementor-post-type=\"page\">\n\t\t\t\t<div class=\"elementor-element elementor-element-96845e3 e-con-full e-flex e-con e-parent\" data-id=\"96845e3\" data-element_type=\"container\" data-e-type=\"container\" data-settings=\"{&quot;background_background&quot;:&quot;classic&quot;}\">\n\t\t<div class=\"elementor-element elementor-element-2e0be44 e-con-full e-flex e-con e-child\" data-id=\"2e0be44\" data-element_type=\"container\" data-e-type=\"container\">\n\t\t\t\t<div class=\"elementor-element elementor-element-1743cd5 elementor-widget elementor-widget-heading\" data-id=\"1743cd5\" data-element_type=\"widget\" data-e-type=\"widget\" data-widget_type=\"heading.default\">\n\t\t\t\t<div class=\"elementor-widget-container\">\n\t\t\t\t\t<h1 class=\"elementor-heading-title elementor-size-default\">Technological Development<\/h1>\t\t\t\t<\/div>\n\t\t\t\t<\/div>\n\t\t\t\t<\/div>\n\t\t\t\t<\/div>\n\t\t<div class=\"elementor-element elementor-element-fab8108 e-con-full e-flex e-con e-parent\" data-id=\"fab8108\" data-element_type=\"container\" data-e-type=\"container\">\n\t\t<div class=\"elementor-element elementor-element-878e646 e-con-full e-flex e-con e-child\" data-id=\"878e646\" data-element_type=\"container\" data-e-type=\"container\" data-settings=\"{&quot;background_background&quot;:&quot;classic&quot;}\">\n\t\t\t\t<\/div>\n\t\t<div class=\"elementor-element elementor-element-94ea2fd e-con-full e-flex e-con e-child\" data-id=\"94ea2fd\" data-element_type=\"container\" data-e-type=\"container\" data-settings=\"{&quot;background_background&quot;:&quot;classic&quot;}\">\n\t\t\t\t<div class=\"elementor-element elementor-element-1b66781 elementor-widget elementor-widget-text-editor\" data-id=\"1b66781\" data-element_type=\"widget\" data-e-type=\"widget\" data-widget_type=\"text-editor.default\">\n\t\t\t\t<div class=\"elementor-widget-container\">\n\t\t\t\t\t\t\t\t\t<p>Viarium has gained extensive experience in the development of applied technologies <strong>combining the core in infrastructure and technological know-how. That is the core strength of our business model.<\/strong>\u00a0We endeavour to bring innovation and technological solutions to bear in the fields of infrastructure, transport, energy and space to enhance their implementation and management as we develop and provide the right systems and solutions.<\/p><p>We draw from our extensive infrastructure experience to deliver comprehensive and integrated\u00a0<strong>solutions by pooling our expertise and experience, covering all phases of the project from analysis, design, project execution, commissioning and testing, through subsequent system maintenance.<\/strong><\/p><p>This is evident in the creation, within the company\u2019s organizational structure, of a Technology Development Department that is integrated into Viarium\u2019s organizational chart.<\/p>\t\t\t\t\t\t\t\t<\/div>\n\t\t\t\t<\/div>\n\t\t\t\t<\/div>\n\t\t\t\t<\/div>\n\t\t\t\t<\/div>","protected":false},"excerpt":{"rendered":"<p>Desarrollo tecnol\u00f3gico Viarium ha adquirido una gran experiencia en el desarrollo de tecnolog\u00edas aplicadas combinando el core en infraestructuras con el know how tecnol\u00f3gico. Esta es la fuerza de nuestro modelo de empresa.\u00a0El objetivo que perseguimos es la aplicaci\u00f3n de la innovaci\u00f3n y las soluciones tecnol\u00f3gicas en el \u00e1mbito de las infraestructuras, el trasporte, energ\u00eda [&hellip;]<\/p>\n","protected":false},"author":1,"featured_media":0,"parent":138,"menu_order":0,"comment_status":"closed","ping_status":"closed","template":"elementor_header_footer","meta":{"_acf_changed":false,"footnotes":""},"class_list":["post-487","page","type-page","status-publish","hentry"],"acf":[],"yoast_head":"<!-- This site is optimized with the Yoast SEO plugin v27.5 - https:\/\/yoast.com\/product\/yoast-seo-wordpress\/ -->\n<title>Desarrollo tecnol\u00f3gico<\/title>\n<meta name=\"description\" content=\"Combinamos el core de infraestructuras con el know how tecnol\u00f3gico. Aplicamos innovaci\u00f3n y tecnologia en las infraestructuras.\" \/>\n<meta name=\"robots\" content=\"index, follow, max-snippet:-1, max-image-preview:large, max-video-preview:-1\" \/>\n<link rel=\"canonical\" href=\"https:\/\/viariumgroup.com\/en\/technology\/desarrollo-tecnologico\/\" \/>\n<meta property=\"og:locale\" content=\"en_GB\" \/>\n<meta property=\"og:type\" content=\"article\" \/>\n<meta property=\"og:title\" content=\"Desarrollo tecnol\u00f3gico\" \/>\n<meta property=\"og:description\" content=\"Combinamos el core de infraestructuras con el know how tecnol\u00f3gico. Aplicamos innovaci\u00f3n y tecnologia en las infraestructuras.\" \/>\n<meta property=\"og:url\" content=\"https:\/\/viariumgroup.com\/en\/technology\/desarrollo-tecnologico\/\" \/>\n<meta property=\"og:site_name\" content=\"Viarium\" \/>\n<meta property=\"article:modified_time\" content=\"2026-04-13T15:43:15+00:00\" \/>\n<meta name=\"twitter:card\" content=\"summary_large_image\" \/>\n<meta name=\"twitter:label1\" content=\"Estimated reading time\" \/>\n\t<meta name=\"twitter:data1\" content=\"1 minute\" \/>\n<script type=\"application\/ld+json\" class=\"yoast-schema-graph\">{\"@context\":\"https:\\\/\\\/schema.org\",\"@graph\":[{\"@type\":\"WebPage\",\"@id\":\"https:\\\/\\\/viariumgroup.com\\\/tecnologia\\\/desarrollo-tecnologico\\\/\",\"url\":\"https:\\\/\\\/viariumgroup.com\\\/tecnologia\\\/desarrollo-tecnologico\\\/\",\"name\":\"Desarrollo tecnol\u00f3gico\",\"isPartOf\":{\"@id\":\"https:\\\/\\\/viariumgroup.com\\\/#website\"},\"datePublished\":\"2024-01-24T15:51:04+00:00\",\"dateModified\":\"2026-04-13T15:43:15+00:00\",\"description\":\"Combinamos el core de infraestructuras con el know how tecnol\u00f3gico. Aplicamos innovaci\u00f3n y tecnologia en las infraestructuras.\",\"breadcrumb\":{\"@id\":\"https:\\\/\\\/viariumgroup.com\\\/tecnologia\\\/desarrollo-tecnologico\\\/#breadcrumb\"},\"inLanguage\":\"en-GB\",\"potentialAction\":[{\"@type\":\"ReadAction\",\"target\":[\"https:\\\/\\\/viariumgroup.com\\\/tecnologia\\\/desarrollo-tecnologico\\\/\"]}]},{\"@type\":\"BreadcrumbList\",\"@id\":\"https:\\\/\\\/viariumgroup.com\\\/tecnologia\\\/desarrollo-tecnologico\\\/#breadcrumb\",\"itemListElement\":[{\"@type\":\"ListItem\",\"position\":1,\"name\":\"Portada\",\"item\":\"https:\\\/\\\/viariumgroup.com\\\/en\\\/\"},{\"@type\":\"ListItem\",\"position\":2,\"name\":\"TECNOLOG\u00cdA\",\"item\":\"https:\\\/\\\/viariumgroup.com\\\/tecnologia\\\/\"},{\"@type\":\"ListItem\",\"position\":3,\"name\":\"Desarrollo tecnologico\"}]},{\"@type\":\"WebSite\",\"@id\":\"https:\\\/\\\/viariumgroup.com\\\/#website\",\"url\":\"https:\\\/\\\/viariumgroup.com\\\/\",\"name\":\"Viarium\",\"description\":\"Viarium\",\"publisher\":{\"@id\":\"https:\\\/\\\/viariumgroup.com\\\/#organization\"},\"potentialAction\":[{\"@type\":\"SearchAction\",\"target\":{\"@type\":\"EntryPoint\",\"urlTemplate\":\"https:\\\/\\\/viariumgroup.com\\\/?s={search_term_string}\"},\"query-input\":{\"@type\":\"PropertyValueSpecification\",\"valueRequired\":true,\"valueName\":\"search_term_string\"}}],\"inLanguage\":\"en-GB\"},{\"@type\":\"Organization\",\"@id\":\"https:\\\/\\\/viariumgroup.com\\\/#organization\",\"name\":\"Viarium\",\"url\":\"https:\\\/\\\/viariumgroup.com\\\/\",\"logo\":{\"@type\":\"ImageObject\",\"inLanguage\":\"en-GB\",\"@id\":\"https:\\\/\\\/viariumgroup.com\\\/#\\\/schema\\\/logo\\\/image\\\/\",\"url\":\"https:\\\/\\\/viariumgroup.com\\\/wp-content\\\/uploads\\\/2026\\\/03\\\/LOGO-VIARIUM-WHITE2.png\",\"contentUrl\":\"https:\\\/\\\/viariumgroup.com\\\/wp-content\\\/uploads\\\/2026\\\/03\\\/LOGO-VIARIUM-WHITE2.png\",\"width\":1662,\"height\":829,\"caption\":\"Viarium\"},\"image\":{\"@id\":\"https:\\\/\\\/viariumgroup.com\\\/#\\\/schema\\\/logo\\\/image\\\/\"}}]}<\/script>\n<!-- \/ Yoast SEO plugin. -->","yoast_head_json":{"title":"Technological Development","description":"We combine the core of infrastructures with technological know-how. We apply innovation and technology in infrastructures.","robots":{"index":"index","follow":"follow","max-snippet":"max-snippet:-1","max-image-preview":"max-image-preview:large","max-video-preview":"max-video-preview:-1"},"canonical":"https:\/\/viariumgroup.com\/en\/technology\/desarrollo-tecnologico\/","og_locale":"en_GB","og_type":"article","og_title":"Desarrollo tecnol\u00f3gico","og_description":"Combinamos el core de infraestructuras con el know how tecnol\u00f3gico. Aplicamos innovaci\u00f3n y tecnologia en las infraestructuras.","og_url":"https:\/\/viariumgroup.com\/en\/technology\/desarrollo-tecnologico\/","og_site_name":"Viarium","article_modified_time":"2026-04-13T15:43:15+00:00","twitter_card":"summary_large_image","twitter_misc":{"Estimated reading time":"1 minute"},"schema":{"@context":"https:\/\/schema.org","@graph":[{"@type":"WebPage","@id":"https:\/\/viariumgroup.com\/tecnologia\/desarrollo-tecnologico\/","url":"https:\/\/viariumgroup.com\/tecnologia\/desarrollo-tecnologico\/","name":"Technological Development","isPartOf":{"@id":"https:\/\/viariumgroup.com\/#website"},"datePublished":"2024-01-24T15:51:04+00:00","dateModified":"2026-04-13T15:43:15+00:00","description":"We combine the core of infrastructures with technological know-how. We apply innovation and technology in infrastructures.","breadcrumb":{"@id":"https:\/\/viariumgroup.com\/tecnologia\/desarrollo-tecnologico\/#breadcrumb"},"inLanguage":"en-GB","potentialAction":[{"@type":"ReadAction","target":["https:\/\/viariumgroup.com\/tecnologia\/desarrollo-tecnologico\/"]}]},{"@type":"BreadcrumbList","@id":"https:\/\/viariumgroup.com\/tecnologia\/desarrollo-tecnologico\/#breadcrumb","itemListElement":[{"@type":"ListItem","position":1,"name":"Portada","item":"https:\/\/viariumgroup.com\/en\/"},{"@type":"ListItem","position":2,"name":"TECNOLOG\u00cdA","item":"https:\/\/viariumgroup.com\/tecnologia\/"},{"@type":"ListItem","position":3,"name":"Desarrollo tecnologico"}]},{"@type":"WebSite","@id":"https:\/\/viariumgroup.com\/#website","url":"https:\/\/viariumgroup.com\/","name":"Viarium","description":"Viarium","publisher":{"@id":"https:\/\/viariumgroup.com\/#organization"},"potentialAction":[{"@type":"SearchAction","target":{"@type":"EntryPoint","urlTemplate":"https:\/\/viariumgroup.com\/?s={search_term_string}"},"query-input":{"@type":"PropertyValueSpecification","valueRequired":true,"valueName":"search_term_string"}}],"inLanguage":"en-GB"},{"@type":"Organization","@id":"https:\/\/viariumgroup.com\/#organization","name":"Viarium","url":"https:\/\/viariumgroup.com\/","logo":{"@type":"ImageObject","inLanguage":"en-GB","@id":"https:\/\/viariumgroup.com\/#\/schema\/logo\/image\/","url":"https:\/\/viariumgroup.com\/wp-content\/uploads\/2026\/03\/LOGO-VIARIUM-WHITE2.png","contentUrl":"https:\/\/viariumgroup.com\/wp-content\/uploads\/2026\/03\/LOGO-VIARIUM-WHITE2.png","width":1662,"height":829,"caption":"Viarium"},"image":{"@id":"https:\/\/viariumgroup.com\/#\/schema\/logo\/image\/"}}]}},"_links":{"self":[{"href":"https:\/\/viariumgroup.com\/en\/wp-json\/wp\/v2\/pages\/487","targetHints":{"allow":["GET"]}}],"collection":[{"href":"https:\/\/viariumgroup.com\/en\/wp-json\/wp\/v2\/pages"}],"about":[{"href":"https:\/\/viariumgroup.com\/en\/wp-json\/wp\/v2\/types\/page"}],"author":[{"embeddable":true,"href":"https:\/\/viariumgroup.com\/en\/wp-json\/wp\/v2\/users\/1"}],"replies":[{"embeddable":true,"href":"https:\/\/viariumgroup.com\/en\/wp-json\/wp\/v2\/comments?post=487"}],"version-history":[{"count":3,"href":"https:\/\/viariumgroup.com\/en\/wp-json\/wp\/v2\/pages\/487\/revisions"}],"predecessor-version":[{"id":3817,"href":"https:\/\/viariumgroup.com\/en\/wp-json\/wp\/v2\/pages\/487\/revisions\/3817"}],"up":[{"embeddable":true,"href":"https:\/\/viariumgroup.com\/en\/wp-json\/wp\/v2\/pages\/138"}],"wp:attachment":[{"href":"https:\/\/viariumgroup.com\/en\/wp-json\/wp\/v2\/media?parent=487"}],"curies":[{"name":"wp","href":"https:\/\/api.w.org\/{rel}","templated":true}]}}